{"id":56,"date":"2024-08-18T11:58:04","date_gmt":"2024-08-18T11:58:04","guid":{"rendered":"http:\/\/www.zaey.com.tr\/PEDAGOJ%C4%B0K\/?page_id=56"},"modified":"2024-08-18T12:01:12","modified_gmt":"2024-08-18T12:01:12","slug":"iletisim","status":"publish","type":"page","link":"http:\/\/www.zaey.com.tr\/PEDAGOJ%C4%B0K\/index.php\/iletisim\/","title":{"rendered":"\u0130LET\u0130\u015e\u0130M"},"content":{"rendered":"\n<p>0352 5030883<\/p>\n\n\n\n<p>0507 0195195<\/p>\n\n\n\n<p>0544 4891666<\/p>\n\n\n\n<p>Erenk\u00f6y Mah. \u0130\u011fdelidere Cad. 4.Sk. No; 161-Melikgazi\/KAYSER\u0130<\/p>\n","protected":false},"excerpt":{"rendered":"<p>0352 5030883 0507 0195195 0544 4891666 Erenk\u00f6y Mah. \u0130\u011fdelidere Cad. 4.Sk. No; 161-Melikgazi\/KAYSER\u0130<\/p>\n","protected":false},"author":1,"featured_media":0,"parent":0,"menu_order":0,"comment_status":"closed","ping_status":"closed","template":"","meta":{"footnotes":""},"class_list":["post-56","page","type-page","status-publish","hentry"],"_links":{"self":[{"href":"http:\/\/www.zaey.com.tr\/PEDAGOJ%C4%B0K\/index.php\/wp-json\/wp\/v2\/pages\/56","targetHints":{"allow":["GET"]}}],"collection":[{"href":"http:\/\/www.zaey.com.tr\/PEDAGOJ%C4%B0K\/index.php\/wp-json\/wp\/v2\/pages"}],"about":[{"href":"http:\/\/www.zaey.com.tr\/PEDAGOJ%C4%B0K\/index.php\/wp-json\/wp\/v2\/types\/page"}],"author":[{"embeddable":true,"href":"http:\/\/www.zaey.com.tr\/PEDAGOJ%C4%B0K\/index.php\/wp-json\/wp\/v2\/users\/1"}],"replies":[{"embeddable":true,"href":"http:\/\/www.zaey.com.tr\/PEDAGOJ%C4%B0K\/index.php\/wp-json\/wp\/v2\/comments?post=56"}],"version-history":[{"count":2,"href":"http:\/\/www.zaey.com.tr\/PEDAGOJ%C4%B0K\/index.php\/wp-json\/wp\/v2\/pages\/56\/revisions"}],"predecessor-version":[{"id":64,"href":"http:\/\/www.zaey.com.tr\/PEDAGOJ%C4%B0K\/index.php\/wp-json\/wp\/v2\/pages\/56\/revisions\/64"}],"wp:attachment":[{"href":"http:\/\/www.zaey.com.tr\/PEDAGOJ%C4%B0K\/index.php\/wp-json\/wp\/v2\/media?parent=56"}],"curies":[{"name":"wp","href":"https:\/\/api.w.org\/{rel}","templated":true}]}}